{"id":2824,"date":"2017-05-08T18:25:52","date_gmt":"2017-05-08T16:25:52","guid":{"rendered":"http:\/\/jfhayfield.de\/?page_id=2824"},"modified":"2026-03-11T15:37:22","modified_gmt":"2026-03-11T14:37:22","slug":"impressum","status":"publish","type":"page","link":"https:\/\/www.jfhayfield.de\/en\/impressum\/","title":{"rendered":"about us"},"content":{"rendered":"<div id=\"pl-2824\"  class=\"panel-layout\" ><div id=\"pg-2824-0\"  class=\"panel-grid panel-has-style\" ><div class=\"panel-row-style panel-row-style-for-2824-0\" ><div id=\"pgc-2824-0-0\"  class=\"panel-grid-cell panel-grid-cell-empty\" ><\/div><div id=\"pgc-2824-0-1\"  class=\"panel-grid-cell panel-grid-cell-mobile-last\" ><div id=\"panel-2824-0-1-0\" class=\"so-panel widget widget_sow-editor panel-first-child panel-last-child\" data-index=\"0\" ><div class=\"panel-widget-style panel-widget-style-for-2824-0-1-0\" ><div\n\t\t\t\n\t\t\tclass=\"so-widget-sow-editor so-widget-sow-editor-base\"\n\t\t\t\n\t\t>\n<div class=\"siteorigin-widget-tinymce textwidget\">\n\t<h1><span style=\"text-decoration: underline; font-size: 20px;\"><strong>Site Notice<\/strong><\/span><\/h1>\n<h2><span style=\"font-size: 16px;\">Information provided according to Sec. 5 DDG (German Digital Services Act)<\/span><\/h2>\n<p><span style=\"font-size: 16px;\">allpremio Handel GmbH<br \/>\nB\u00fcttgenbachstrasse 9<br \/>\n40549 D\u00fcsseldorf<\/span><\/p>\n<p><span style=\"font-size: 16px;\">Phone: +49 (0) 211 50944020<br \/>\n<\/span><span style=\"font-size: 16px;\">Fax: +49 (0) 211 50944045<\/span><br \/>\n<span style=\"font-size: 16px;\">Mail: <a href=\"mailto:info@jfhayfield.de\" target=\"_blank\" rel=\"noopener\">info@jfhayfield.de<\/a><\/span><\/p>\n<h2><strong><span style=\"font-size: 16px;\">Represented <\/span><span style=\"font-size: 16px;\">by<\/span><\/strong><\/h2>\n<p><span style=\"font-size: 16px;\">Kai Fr\u00f6hlich<\/span><\/p>\n<h2><strong><span style=\"font-size: 16px;\">Register entry<\/span><\/strong><\/h2>\n<p><span style=\"font-size: 16px;\">Entry in <\/span><span style=\"font-size: 16px;\">the Handelsregister. <\/span><br \/>\n<span style=\"font-size: 16px;\"> Registering court: AG D\u00fcsseldorf\u00a0<\/span><br \/>\n<span style=\"font-size: 16px;\"> Registration number: HRB 79136<\/span><\/p>\n<h2><strong><span style=\"font-size: 16px;\">VAT<\/span><\/strong><\/h2>\n<p><span style=\"font-size: 16px;\">VAT Id number according to Sec. 27 a German Value Added Tax Act: <\/span><span style=\"font-size: 16px;\">DE 815 658 742<\/span><\/p>\n<h2><span style=\"font-size: 16px;\"><strong>Dispute resolution<\/strong><\/span><\/h2>\n<p><span style=\"font-size: 16px;\">We do not take part in online dispute resolutions at <\/span><span style=\"font-size: 16px;\">consumer arbitration boards.<\/span><\/p>\n<h3><strong><span style=\"font-size: 16px;\">Liability for Contents<\/span><\/strong><\/h3>\n<p><span style=\"font-size: 16px;\">As service providers, we are liable <\/span><span style=\"font-size: 16px;\">for own contents of these websites according to Sec. 7, paragraph 1 German Digital Services Act (DDG). <\/span><span style=\"font-size: 16px;\">However, according to Sec. 8 to 10 German Digital Services Act (DDG), service providers are not obligated to <\/span><span style=\"font-size: 16px;\">permanently monitor submitted or stored information or to search for evidences that indicate illegal <\/span><span style=\"font-size: 16px;\">activities.<\/span><\/p>\n<p><span style=\"font-size: 16px;\">Legal obligations to removing information or to blocking the use of information remain <\/span><span style=\"font-size: 16px;\">unchallenged. In this case, liability is only possible at the time of knowledge about\u00a0 a specific violation of <\/span><span style=\"font-size: 16px;\">law. Illegal contents will be removed immediately at the time we get knowledge of them.<\/span><\/p>\n<h3><strong><span style=\"font-size: 16px;\">Liability <\/span><\/strong><strong><span style=\"font-size: 16px;\">for Links<\/span><\/strong><\/h3>\n<p><span style=\"font-size: 16px;\">Our offer includes links to external third party websites. We have no influence on the <\/span><span style=\"font-size: 16px;\">contents of those websites, therefore we cannot guarantee for those contents.\u00a0 Providers or administrators <\/span><span style=\"font-size: 16px;\">of linked websites are always responsible for their own contents.<\/span><\/p>\n<p><span style=\"font-size: 16px;\">The linked websites had been <\/span><span style=\"font-size: 16px;\">checked for possible violations of law at the time of the establishment of the link. Illegal contents were not <\/span><span style=\"font-size: 16px;\">detected at the time of the linking. A permanent monitoring of the contents of linked websites cannot be <\/span><span style=\"font-size: 16px;\">imposed without reasonable indications that there has been a violation of law. Illegal links\u00a0 will be removed <\/span><span style=\"font-size: 16px;\">immediately at the time we get knowledge of them.<\/span><\/p>\n<h3><strong><span style=\"font-size: 16px;\">Copyright<\/span><\/strong><\/h3>\n<p><span style=\"font-size: 16px;\">Contents and <\/span><span style=\"font-size: 16px;\">compilations published on these websites by the providers are subject to German copyright laws. <\/span><span style=\"font-size: 16px;\">Reproduction, editing, distribution as well as the use of any kind outside the scope of the copyright law <\/span><span style=\"font-size: 16px;\">require a written permission of the author or originator. Downloads and copies of these websites are<\/span><br \/>\n<span style=\"font-size: 16px;\"> permitted for private use only. <\/span><span style=\"font-size: 16px;\">The commercial use of our contents without permission of the <\/span><span style=\"font-size: 16px;\">originator is prohibited.<\/span><\/p>\n<p><span style=\"font-size: 16px;\">Copyright laws of third parties are respected as long as the contents on <\/span><span style=\"font-size: 16px;\">these websites do not originate from the provider. Contributions of third parties on this site are indicated as <\/span><span style=\"font-size: 16px;\">such. However, if you notice any violations of copyright law, please inform us. Such contents will be <\/span><span style=\"font-size: 16px;\">removed immediately.<\/span><\/p>\n<p>&nbsp;<\/p>\n<\/div>\n<\/div><\/div><\/div><\/div><div id=\"pgc-2824-0-2\"  class=\"panel-grid-cell panel-grid-cell-empty\" ><\/div><\/div><\/div><\/div>","protected":false},"excerpt":{"rendered":"<p>Site Notice Information provided according to Sec. 5 DDG (German Digital Services Act) allpremio Handel GmbH B\u00fcttgenbachstrasse 9 40549 D\u00fcsseldorf Phone: +49 (0) 211 50944020 Fax: +49 (0) 211 50944045 Mail: info@jfhayfield.de Represented by Kai Fr\u00f6hlich Register entry Entry in the Handelsregister. Registering court: AG D\u00fcsseldorf\u00a0 Registration number: HRB 79136\u2026<\/p>\n<p> <a class=\"continue-reading-link\" href=\"https:\/\/www.jfhayfield.de\/en\/impressum\/\"><span><\/span><i class=\"crycon-right-dir\"><\/i><\/a> <\/p>\n","protected":false},"author":2,"featured_media":0,"parent":0,"menu_order":0,"comment_status":"closed","ping_status":"closed","template":"","meta":{"footnotes":""},"class_list":["post-2824","page","type-page","status-publish","hentry"],"yoast_head":"<!-- This site is optimized with the Yoast SEO plugin v26.1.1 - https:\/\/yoast.com\/wordpress\/plugins\/seo\/ -->\n<title>about us - Jacques Farel hayfield<\/title>\n<meta name=\"robots\" content=\"index, follow, max-snippet:-1, max-image-preview:large, max-video-preview:-1\" \/>\n<link rel=\"canonical\" href=\"https:\/\/www.jfhayfield.de\/en\/impressum\/\" \/>\n<meta property=\"og:locale\" content=\"en_US\" \/>\n<meta property=\"og:type\" content=\"article\" \/>\n<meta property=\"og:title\" content=\"about us - Jacques Farel hayfield\" \/>\n<meta property=\"og:description\" content=\"Site Notice Information provided according to Sec. 5 DDG (German Digital Services Act) allpremio Handel GmbH B\u00fcttgenbachstrasse 9 40549 D\u00fcsseldorf Phone: +49 (0) 211 50944020 Fax: +49 (0) 211 50944045 Mail: info@jfhayfield.de Represented by Kai Fr\u00f6hlich Register entry Entry in the Handelsregister. Registering court: AG D\u00fcsseldorf\u00a0 Registration number: HRB 79136\u2026\" \/>\n<meta property=\"og:url\" content=\"https:\/\/www.jfhayfield.de\/en\/impressum\/\" \/>\n<meta property=\"og:site_name\" content=\"Jacques Farel hayfield\" \/>\n<meta property=\"article:modified_time\" content=\"2026-03-11T14:37:22+00:00\" \/>\n<meta name=\"twitter:card\" content=\"summary_large_image\" \/>\n<meta name=\"twitter:label1\" content=\"Est. reading time\" \/>\n\t<meta name=\"twitter:data1\" content=\"3 minutes\" \/>\n<script type=\"application\/ld+json\" class=\"yoast-schema-graph\">{\"@context\":\"https:\/\/schema.org\",\"@graph\":[{\"@type\":\"WebPage\",\"@id\":\"https:\/\/www.jfhayfield.de\/en\/impressum\/\",\"url\":\"https:\/\/www.jfhayfield.de\/en\/impressum\/\",\"name\":\"about us - Jacques Farel hayfield\",\"isPartOf\":{\"@id\":\"https:\/\/www.jfhayfield.de\/#website\"},\"datePublished\":\"2017-05-08T16:25:52+00:00\",\"dateModified\":\"2026-03-11T14:37:22+00:00\",\"breadcrumb\":{\"@id\":\"https:\/\/www.jfhayfield.de\/en\/impressum\/#breadcrumb\"},\"inLanguage\":\"en-US\",\"potentialAction\":[{\"@type\":\"ReadAction\",\"target\":[\"https:\/\/www.jfhayfield.de\/en\/impressum\/\"]}]},{\"@type\":\"BreadcrumbList\",\"@id\":\"https:\/\/www.jfhayfield.de\/en\/impressum\/#breadcrumb\",\"itemListElement\":[{\"@type\":\"ListItem\",\"position\":1,\"name\":\"Startseite\",\"item\":\"https:\/\/www.jfhayfield.de\/en\/\"},{\"@type\":\"ListItem\",\"position\":2,\"name\":\"about us\"}]},{\"@type\":\"WebSite\",\"@id\":\"https:\/\/www.jfhayfield.de\/#website\",\"url\":\"https:\/\/www.jfhayfield.de\/\",\"name\":\"Jacques Farel hayfield\",\"description\":\"Jacques Farel hayfield\",\"potentialAction\":[{\"@type\":\"SearchAction\",\"target\":{\"@type\":\"EntryPoint\",\"urlTemplate\":\"https:\/\/www.jfhayfield.de\/?s={search_term_string}\"},\"query-input\":{\"@type\":\"PropertyValueSpecification\",\"valueRequired\":true,\"valueName\":\"search_term_string\"}}],\"inLanguage\":\"en-US\"}]}<\/script>\n<!-- \/ Yoast SEO plugin. -->","yoast_head_json":{"title":"about us - Jacques Farel hayfield","robots":{"index":"index","follow":"follow","max-snippet":"max-snippet:-1","max-image-preview":"max-image-preview:large","max-video-preview":"max-video-preview:-1"},"canonical":"https:\/\/www.jfhayfield.de\/en\/impressum\/","og_locale":"en_US","og_type":"article","og_title":"about us - Jacques Farel hayfield","og_description":"Site Notice Information provided according to Sec. 5 DDG (German Digital Services Act) allpremio Handel GmbH B\u00fcttgenbachstrasse 9 40549 D\u00fcsseldorf Phone: +49 (0) 211 50944020 Fax: +49 (0) 211 50944045 Mail: info@jfhayfield.de Represented by Kai Fr\u00f6hlich Register entry Entry in the Handelsregister. Registering court: AG D\u00fcsseldorf\u00a0 Registration number: HRB 79136\u2026","og_url":"https:\/\/www.jfhayfield.de\/en\/impressum\/","og_site_name":"Jacques Farel hayfield","article_modified_time":"2026-03-11T14:37:22+00:00","twitter_card":"summary_large_image","twitter_misc":{"Est. reading time":"3 minutes"},"schema":{"@context":"https:\/\/schema.org","@graph":[{"@type":"WebPage","@id":"https:\/\/www.jfhayfield.de\/en\/impressum\/","url":"https:\/\/www.jfhayfield.de\/en\/impressum\/","name":"about us - Jacques Farel hayfield","isPartOf":{"@id":"https:\/\/www.jfhayfield.de\/#website"},"datePublished":"2017-05-08T16:25:52+00:00","dateModified":"2026-03-11T14:37:22+00:00","breadcrumb":{"@id":"https:\/\/www.jfhayfield.de\/en\/impressum\/#breadcrumb"},"inLanguage":"en-US","potentialAction":[{"@type":"ReadAction","target":["https:\/\/www.jfhayfield.de\/en\/impressum\/"]}]},{"@type":"BreadcrumbList","@id":"https:\/\/www.jfhayfield.de\/en\/impressum\/#breadcrumb","itemListElement":[{"@type":"ListItem","position":1,"name":"Startseite","item":"https:\/\/www.jfhayfield.de\/en\/"},{"@type":"ListItem","position":2,"name":"about us"}]},{"@type":"WebSite","@id":"https:\/\/www.jfhayfield.de\/#website","url":"https:\/\/www.jfhayfield.de\/","name":"Jacques Farel hayfield","description":"Jacques Farel hayfield","potentialAction":[{"@type":"SearchAction","target":{"@type":"EntryPoint","urlTemplate":"https:\/\/www.jfhayfield.de\/?s={search_term_string}"},"query-input":{"@type":"PropertyValueSpecification","valueRequired":true,"valueName":"search_term_string"}}],"inLanguage":"en-US"}]}},"_links":{"self":[{"href":"https:\/\/www.jfhayfield.de\/en\/wp-json\/wp\/v2\/pages\/2824","targetHints":{"allow":["GET"]}}],"collection":[{"href":"https:\/\/www.jfhayfield.de\/en\/wp-json\/wp\/v2\/pages"}],"about":[{"href":"https:\/\/www.jfhayfield.de\/en\/wp-json\/wp\/v2\/types\/page"}],"author":[{"embeddable":true,"href":"https:\/\/www.jfhayfield.de\/en\/wp-json\/wp\/v2\/users\/2"}],"replies":[{"embeddable":true,"href":"https:\/\/www.jfhayfield.de\/en\/wp-json\/wp\/v2\/comments?post=2824"}],"version-history":[{"count":23,"href":"https:\/\/www.jfhayfield.de\/en\/wp-json\/wp\/v2\/pages\/2824\/revisions"}],"predecessor-version":[{"id":7910,"href":"https:\/\/www.jfhayfield.de\/en\/wp-json\/wp\/v2\/pages\/2824\/revisions\/7910"}],"wp:attachment":[{"href":"https:\/\/www.jfhayfield.de\/en\/wp-json\/wp\/v2\/media?parent=2824"}],"curies":[{"name":"wp","href":"https:\/\/api.w.org\/{rel}","templated":true}]}}